{"id":65,"date":"2025-11-26T08:11:37","date_gmt":"2025-11-26T08:11:37","guid":{"rendered":"http:\/\/www.quatre.be\/?page_id=65"},"modified":"2025-11-26T08:14:41","modified_gmt":"2025-11-26T08:14:41","slug":"lexperience-de-recherche-generative-de-google-gemini","status":"publish","type":"page","link":"https:\/\/www.quatre.be\/index.php\/lexperience-de-recherche-generative-de-google-gemini\/","title":{"rendered":"L&#8217;Exp\u00e9rience de Recherche G\u00e9n\u00e9rative de Google-Gemini"},"content":{"rendered":"\n<h1 class=\"wp-block-heading has-text-align-center\">L&#8217;Exp\u00e9rience de Recherche G\u00e9n\u00e9rative de Google-Gemini<\/h1>\n\n\n\n<p>Google a r\u00e9cemment introduit une nouvelle fa\u00e7on de rechercher des informations sur Internet gr\u00e2ce \u00e0 son exp\u00e9rience de recherche g\u00e9n\u00e9rative, connue sous le nom de Search Generative Experience (SGE). Cette innovation transforme Google en un v\u00e9ritable &#8220;moteur de r\u00e9ponses&#8221;, en fournissant des r\u00e9sum\u00e9s personnalis\u00e9s et conversationnels en haut des r\u00e9sultats de recherche. Voici comment cela fonctionne et ce que cela signifie pour les utilisateurs et les cr\u00e9ateurs de contenu. <\/p>\n\n\n\n<h2 class=\"wp-block-heading\">Qu&#8217;est-ce que la SGE ? <\/h2>\n\n\n\n<p>La SGE propose un encart color\u00e9 entre les r\u00e9sultats sponsoris\u00e9s et naturels sur la page de recherche. Cet encart offre une r\u00e9ponse synth\u00e9tique g\u00e9n\u00e9r\u00e9e \u00e0 partir de plusieurs sources, permettant une compr\u00e9hension rapide des sujets recherch\u00e9s. Les utilisateurs peuvent ainsi poser des questions complexes en langage naturel et obtenir des r\u00e9ponses d\u00e9taill\u00e9es sans avoir \u00e0 visiter plusieurs sites. <\/p>\n\n\n\n<h2 class=\"wp-block-heading\">Fonctionnalit\u00e9s Innovantes <\/h2>\n\n\n\n<p>Parmi les fonctionnalit\u00e9s de la SGE, on trouve : <\/p>\n\n\n\n<ul class=\"wp-block-list\">\n<li><strong>Questions Compl\u00e9mentaires :<\/strong> Cette fonctionnalit\u00e9 permet de poser des questions de suivi qui gardent le contexte des requ\u00eates pr\u00e9c\u00e9dentes, mettant \u00e0 jour dynamiquement les liens sous la SGE.<\/li>\n\n\n\n<li><strong>G\u00e9n\u00e9ration d&#8217;Images <\/strong>: \u00c0 partir d&#8217;une requ\u00eate, la SGE peut cr\u00e9er quatre visuels inspir\u00e9s de la demande, enrichissant ainsi l&#8217;exp\u00e9rience visuelle des utilisateurs. <\/li>\n\n\n\n<li><strong>D\u00e9finitions Contextuelles : <\/strong>Des termes techniques peuvent \u00eatre expliqu\u00e9s avec des d\u00e9finitions et des images associ\u00e9es, offrant une meilleure compr\u00e9hension. <\/li>\n\n\n\n<li><strong>S\u00e9lection de Produits :<\/strong> Pour les requ\u00eates avec une intention d&#8217;achat, la SGE propose des fiches produits, avis, notes, prix, et photos. <\/li>\n\n\n\n<li><strong>Traductions Contextualis\u00e9es :<\/strong> Cette fonctionnalit\u00e9 affiche les diff\u00e9rents sens possibles d&#8217;un mot ambigu dans Google Traduction, aidant \u00e0 clarifier les traductions. <\/li>\n<\/ul>\n\n\n\n<h2 class=\"wp-block-heading\"><strong>D\u00e9ploiement et Limitations <\/strong><\/h2>\n\n\n\n<p>La SGE est actuellement en phase b\u00eata dans plus de 120 pays, tels que les \u00c9tats-Unis, le Japon, et l&#8217;Inde. Cependant, elle n&#8217;est pas encore disponible en Europe et aucune date n&#8217;a \u00e9t\u00e9 annonc\u00e9e pour la France.<\/p>\n","protected":false},"excerpt":{"rendered":"<p>L&#8217;Exp\u00e9rience de Recherche G\u00e9n\u00e9rative de Google-Gemini Google a r\u00e9cemment introduit une nouvelle fa\u00e7on de rechercher des informations sur Internet gr\u00e2ce \u00e0 son exp\u00e9rience de recherche g\u00e9n\u00e9rative, connue sous le nom de Search Generative Experience (SGE). Cette innovation transforme Google en un v\u00e9ritable &#8220;moteur de r\u00e9ponses&#8221;, en fournissant des r\u00e9sum\u00e9s personnalis\u00e9s et conversationnels en haut des&#8230;<\/p>\n","protected":false},"author":1,"featured_media":0,"parent":0,"menu_order":0,"comment_status":"closed","ping_status":"closed","template":"","meta":{"_kad_post_transparent":"","_kad_post_title":"","_kad_post_layout":"","_kad_post_sidebar_id":"","_kad_post_content_style":"","_kad_post_vertical_padding":"","_kad_post_feature":"","_kad_post_feature_position":"","_kad_post_header":false,"_kad_post_footer":false,"_kad_post_classname":"","footnotes":""},"class_list":["post-65","page","type-page","status-publish","hentry"],"yoast_head":"<!-- This site is optimized with the Yoast SEO plugin v27.3 - https:\/\/yoast.com\/product\/yoast-seo-wordpress\/ -->\n<title>L&#039;Exp\u00e9rience de Recherche G\u00e9n\u00e9rative de Google-Gemini - Ensemble vers vos projets<\/title>\n<meta name=\"robots\" content=\"index, follow, max-snippet:-1, max-image-preview:large, max-video-preview:-1\" \/>\n<link rel=\"canonical\" href=\"https:\/\/www.quatre.be\/index.php\/lexperience-de-recherche-generative-de-google-gemini\/\" \/>\n<meta property=\"og:locale\" content=\"en_US\" \/>\n<meta property=\"og:type\" content=\"article\" \/>\n<meta property=\"og:title\" content=\"L&#039;Exp\u00e9rience de Recherche G\u00e9n\u00e9rative de Google-Gemini - Ensemble vers vos projets\" \/>\n<meta property=\"og:description\" content=\"L&#8217;Exp\u00e9rience de Recherche G\u00e9n\u00e9rative de Google-Gemini Google a r\u00e9cemment introduit une nouvelle fa\u00e7on de rechercher des informations sur Internet gr\u00e2ce \u00e0 son exp\u00e9rience de recherche g\u00e9n\u00e9rative, connue sous le nom de Search Generative Experience (SGE). Cette innovation transforme Google en un v\u00e9ritable &#8220;moteur de r\u00e9ponses&#8221;, en fournissant des r\u00e9sum\u00e9s personnalis\u00e9s et conversationnels en haut des...\" \/>\n<meta property=\"og:url\" content=\"https:\/\/www.quatre.be\/index.php\/lexperience-de-recherche-generative-de-google-gemini\/\" \/>\n<meta property=\"og:site_name\" content=\"Ensemble vers vos projets\" \/>\n<meta property=\"article:publisher\" content=\"https:\/\/www.facebook.com\/ourtheassistance\/\" \/>\n<meta property=\"article:modified_time\" content=\"2025-11-26T08:14:41+00:00\" \/>\n<meta name=\"twitter:card\" content=\"summary_large_image\" \/>\n<meta name=\"twitter:label1\" content=\"Est. reading time\" \/>\n\t<meta name=\"twitter:data1\" content=\"2 minutes\" \/>\n<script type=\"application\/ld+json\" class=\"yoast-schema-graph\">{\"@context\":\"https:\\\/\\\/schema.org\",\"@graph\":[{\"@type\":\"WebPage\",\"@id\":\"https:\\\/\\\/www.quatre.be\\\/index.php\\\/lexperience-de-recherche-generative-de-google-gemini\\\/\",\"url\":\"https:\\\/\\\/www.quatre.be\\\/index.php\\\/lexperience-de-recherche-generative-de-google-gemini\\\/\",\"name\":\"L'Exp\u00e9rience de Recherche G\u00e9n\u00e9rative de Google-Gemini - Ensemble vers vos projets\",\"isPartOf\":{\"@id\":\"http:\\\/\\\/www.quatre.be\\\/#website\"},\"datePublished\":\"2025-11-26T08:11:37+00:00\",\"dateModified\":\"2025-11-26T08:14:41+00:00\",\"breadcrumb\":{\"@id\":\"https:\\\/\\\/www.quatre.be\\\/index.php\\\/lexperience-de-recherche-generative-de-google-gemini\\\/#breadcrumb\"},\"inLanguage\":\"en-US\",\"potentialAction\":[{\"@type\":\"ReadAction\",\"target\":[\"https:\\\/\\\/www.quatre.be\\\/index.php\\\/lexperience-de-recherche-generative-de-google-gemini\\\/\"]}]},{\"@type\":\"BreadcrumbList\",\"@id\":\"https:\\\/\\\/www.quatre.be\\\/index.php\\\/lexperience-de-recherche-generative-de-google-gemini\\\/#breadcrumb\",\"itemListElement\":[{\"@type\":\"ListItem\",\"position\":1,\"name\":\"Accueil\",\"item\":\"http:\\\/\\\/www.quatre.be\\\/\"},{\"@type\":\"ListItem\",\"position\":2,\"name\":\"L&#8217;Exp\u00e9rience de Recherche G\u00e9n\u00e9rative de Google-Gemini\"}]},{\"@type\":\"WebSite\",\"@id\":\"http:\\\/\\\/www.quatre.be\\\/#website\",\"url\":\"http:\\\/\\\/www.quatre.be\\\/\",\"name\":\"Quatre.be - accompagnement de vos projets\",\"description\":\"R\u00e9fl\u00e9chir, cr\u00e9er, d\u00e9cider et agir ensemble pour construire des solutions adapt\u00e9es et concr\u00e8tes\",\"publisher\":{\"@id\":\"http:\\\/\\\/www.quatre.be\\\/#organization\"},\"potentialAction\":[{\"@type\":\"SearchAction\",\"target\":{\"@type\":\"EntryPoint\",\"urlTemplate\":\"http:\\\/\\\/www.quatre.be\\\/?s={search_term_string}\"},\"query-input\":{\"@type\":\"PropertyValueSpecification\",\"valueRequired\":true,\"valueName\":\"search_term_string\"}}],\"inLanguage\":\"en-US\"},{\"@type\":\"Organization\",\"@id\":\"http:\\\/\\\/www.quatre.be\\\/#organization\",\"name\":\"Quatre.be\",\"url\":\"http:\\\/\\\/www.quatre.be\\\/\",\"logo\":{\"@type\":\"ImageObject\",\"inLanguage\":\"en-US\",\"@id\":\"http:\\\/\\\/www.quatre.be\\\/#\\\/schema\\\/logo\\\/image\\\/\",\"url\":\"https:\\\/\\\/www.quatre.be\\\/wp-content\\\/uploads\\\/2025\\\/11\\\/cropped-QuatreLogo-accompagnement-bon-scaled-1.png\",\"contentUrl\":\"https:\\\/\\\/www.quatre.be\\\/wp-content\\\/uploads\\\/2025\\\/11\\\/cropped-QuatreLogo-accompagnement-bon-scaled-1.png\",\"width\":1896,\"height\":704,\"caption\":\"Quatre.be\"},\"image\":{\"@id\":\"http:\\\/\\\/www.quatre.be\\\/#\\\/schema\\\/logo\\\/image\\\/\"},\"sameAs\":[\"https:\\\/\\\/www.facebook.com\\\/ourtheassistance\\\/\"]}]}<\/script>\n<!-- \/ Yoast SEO plugin. -->","yoast_head_json":{"title":"L'Exp\u00e9rience de Recherche G\u00e9n\u00e9rative de Google-Gemini - Ensemble vers vos projets","robots":{"index":"index","follow":"follow","max-snippet":"max-snippet:-1","max-image-preview":"max-image-preview:large","max-video-preview":"max-video-preview:-1"},"canonical":"https:\/\/www.quatre.be\/index.php\/lexperience-de-recherche-generative-de-google-gemini\/","og_locale":"en_US","og_type":"article","og_title":"L'Exp\u00e9rience de Recherche G\u00e9n\u00e9rative de Google-Gemini - Ensemble vers vos projets","og_description":"L&#8217;Exp\u00e9rience de Recherche G\u00e9n\u00e9rative de Google-Gemini Google a r\u00e9cemment introduit une nouvelle fa\u00e7on de rechercher des informations sur Internet gr\u00e2ce \u00e0 son exp\u00e9rience de recherche g\u00e9n\u00e9rative, connue sous le nom de Search Generative Experience (SGE). Cette innovation transforme Google en un v\u00e9ritable &#8220;moteur de r\u00e9ponses&#8221;, en fournissant des r\u00e9sum\u00e9s personnalis\u00e9s et conversationnels en haut des...","og_url":"https:\/\/www.quatre.be\/index.php\/lexperience-de-recherche-generative-de-google-gemini\/","og_site_name":"Ensemble vers vos projets","article_publisher":"https:\/\/www.facebook.com\/ourtheassistance\/","article_modified_time":"2025-11-26T08:14:41+00:00","twitter_card":"summary_large_image","twitter_misc":{"Est. reading time":"2 minutes"},"schema":{"@context":"https:\/\/schema.org","@graph":[{"@type":"WebPage","@id":"https:\/\/www.quatre.be\/index.php\/lexperience-de-recherche-generative-de-google-gemini\/","url":"https:\/\/www.quatre.be\/index.php\/lexperience-de-recherche-generative-de-google-gemini\/","name":"L'Exp\u00e9rience de Recherche G\u00e9n\u00e9rative de Google-Gemini - Ensemble vers vos projets","isPartOf":{"@id":"http:\/\/www.quatre.be\/#website"},"datePublished":"2025-11-26T08:11:37+00:00","dateModified":"2025-11-26T08:14:41+00:00","breadcrumb":{"@id":"https:\/\/www.quatre.be\/index.php\/lexperience-de-recherche-generative-de-google-gemini\/#breadcrumb"},"inLanguage":"en-US","potentialAction":[{"@type":"ReadAction","target":["https:\/\/www.quatre.be\/index.php\/lexperience-de-recherche-generative-de-google-gemini\/"]}]},{"@type":"BreadcrumbList","@id":"https:\/\/www.quatre.be\/index.php\/lexperience-de-recherche-generative-de-google-gemini\/#breadcrumb","itemListElement":[{"@type":"ListItem","position":1,"name":"Accueil","item":"http:\/\/www.quatre.be\/"},{"@type":"ListItem","position":2,"name":"L&#8217;Exp\u00e9rience de Recherche G\u00e9n\u00e9rative de Google-Gemini"}]},{"@type":"WebSite","@id":"http:\/\/www.quatre.be\/#website","url":"http:\/\/www.quatre.be\/","name":"Quatre.be - accompagnement de vos projets","description":"R\u00e9fl\u00e9chir, cr\u00e9er, d\u00e9cider et agir ensemble pour construire des solutions adapt\u00e9es et concr\u00e8tes","publisher":{"@id":"http:\/\/www.quatre.be\/#organization"},"potentialAction":[{"@type":"SearchAction","target":{"@type":"EntryPoint","urlTemplate":"http:\/\/www.quatre.be\/?s={search_term_string}"},"query-input":{"@type":"PropertyValueSpecification","valueRequired":true,"valueName":"search_term_string"}}],"inLanguage":"en-US"},{"@type":"Organization","@id":"http:\/\/www.quatre.be\/#organization","name":"Quatre.be","url":"http:\/\/www.quatre.be\/","logo":{"@type":"ImageObject","inLanguage":"en-US","@id":"http:\/\/www.quatre.be\/#\/schema\/logo\/image\/","url":"https:\/\/www.quatre.be\/wp-content\/uploads\/2025\/11\/cropped-QuatreLogo-accompagnement-bon-scaled-1.png","contentUrl":"https:\/\/www.quatre.be\/wp-content\/uploads\/2025\/11\/cropped-QuatreLogo-accompagnement-bon-scaled-1.png","width":1896,"height":704,"caption":"Quatre.be"},"image":{"@id":"http:\/\/www.quatre.be\/#\/schema\/logo\/image\/"},"sameAs":["https:\/\/www.facebook.com\/ourtheassistance\/"]}]}},"_links":{"self":[{"href":"https:\/\/www.quatre.be\/index.php\/wp-json\/wp\/v2\/pages\/65","targetHints":{"allow":["GET"]}}],"collection":[{"href":"https:\/\/www.quatre.be\/index.php\/wp-json\/wp\/v2\/pages"}],"about":[{"href":"https:\/\/www.quatre.be\/index.php\/wp-json\/wp\/v2\/types\/page"}],"author":[{"embeddable":true,"href":"https:\/\/www.quatre.be\/index.php\/wp-json\/wp\/v2\/users\/1"}],"replies":[{"embeddable":true,"href":"https:\/\/www.quatre.be\/index.php\/wp-json\/wp\/v2\/comments?post=65"}],"version-history":[{"count":2,"href":"https:\/\/www.quatre.be\/index.php\/wp-json\/wp\/v2\/pages\/65\/revisions"}],"predecessor-version":[{"id":67,"href":"https:\/\/www.quatre.be\/index.php\/wp-json\/wp\/v2\/pages\/65\/revisions\/67"}],"wp:attachment":[{"href":"https:\/\/www.quatre.be\/index.php\/wp-json\/wp\/v2\/media?parent=65"}],"curies":[{"name":"wp","href":"https:\/\/api.w.org\/{rel}","templated":true}]}}